{"id":81,"date":"2024-07-10T05:16:30","date_gmt":"2024-07-10T05:16:30","guid":{"rendered":"https:\/\/www.highend-computer.de\/wordpress\/?post_type=product&#038;p=81"},"modified":"2026-03-08T14:31:42","modified_gmt":"2026-03-08T14:31:42","slug":"highend-silentedition-prosumer","status":"publish","type":"product","link":"https:\/\/www.highend-computer.de\/en\/product\/highend-silentedition-prosumer\/","title":{"rendered":"SilentEdition &#8211; Prosumer"},"content":{"rendered":"<div id=\"ui-id-2\" class=\"ui-accordion-content ui-helper-reset ui-widget-content ui-corner-bottom ui-accordion-content-active\" role=\"tabpanel\" aria-labelledby=\"ui-id-1\" aria-hidden=\"false\">\n<h2>High-end computer in miniature format!<\/h2>\n<p data-start=\"190\" data-end=\"615\" class=\"translation-block\">The <strong data-start=\"\u201c194\u201d\" data-end=\"\u201c211\u201d\">SilentEdition<\/strong> \u2013 that's the name of the all-rounder from the premium PC segment of the new HighEnd Silent PCs series, which is sure to make every prosumer's heart beat faster. It leaves nothing to be desired \u2013 thanks to its powerful performance and sophisticated hybrid water cooling, you can dive into your work or any adventure after work without any annoying background noise! True to our philosophy, this system is hardly any larger than the other mini models \u2013 small but mighty!<\/p>\n<p data-start=\"617\" data-end=\"927\" class=\"translation-block\">But it's not just gamers who get their money's worth: thanks to its flexible configuration, you can tailor the SilentEdition precisely to your needs. Whether <strong data-start=\"\u201c764\u201d\" data-end=\"\u201c855\u201d\">demanding workloads, content creation, desktop tasks, casual or hardcore gaming<\/strong> \u2013 this system delivers maximum performance in every field of application.<\/p>\n<p data-start=\"929\" data-end=\"1170\">The compact Micro Warrior 2024 perfectly combines performance and space savings. The NVIDIA\u00ae RTX\u2122 5090 can be installed as an option, and the 24-core processor with up to 6.20 GHz is efficiently cooled by a 240 mm+ hybrid water cooler.<\/p>\n<p data-start=\"1172\" data-end=\"1493\">To ensure that noise levels remain minimal even at full power and electricity bills remain reasonable, the system is supported by a highly efficient 80PLUS Platinum-certified power supply. The SilentEdition is the ideal mini PC for prosumers who are looking for maximum performance in a compact, quiet high-end system.<\/p>\n<\/div>\n\n<h3 id=\"ui-id-3\" class=\"ui-accordion-header ui-state-default ui-corner-all ui-accordion-icons\" tabindex=\"-1\" role=\"tab\" aria-controls=\"ui-id-4\" aria-expanded=\"false\"><\/h3>","protected":false},"excerpt":{"rendered":"<p>HighEnd Rechner im Kleinstformat! Die SilentEdition \u2013 so nennt sich der Allrounder aus dem Premium PC-Segment der neuen HighEnd Silent PCs-Serie, der jedes Prosumer-Herz h\u00f6her schlagen l\u00e4sst. Hier bleiben keine W\u00fcnsche offen \u2013 dank starker Leistung und einer ausgefeilten Hybrid-Wasserk\u00fchlung k\u00f6nnt ihr euch ohne st\u00f6rende Nebenger\u00e4usche in die Arbeit oder im Feierabend in jedes Abenteuer [&hellip;]<\/p>\n","protected":false},"featured_media":496,"comment_status":"open","ping_status":"closed","template":"","meta":{"_monsterinsights_skip_tracking":false,"_monsterinsights_sitenote_active":false,"_monsterinsights_sitenote_note":"","_monsterinsights_sitenote_category":0},"product_brand":[],"product_cat":[21,18,22,19],"product_tag":[36,37,38],"class_list":{"0":"post-81","1":"product","2":"type-product","3":"status-publish","4":"has-post-thumbnail","6":"product_cat-19-workstation-industrial","7":"product_cat-silent-pc-made-by-highend-computer","8":"product_cat-refurbished-b-ware-3","9":"product_cat-wassergekuehlter-pc","10":"product_tag-amd_main","11":"product_tag-intel_main","12":"product_tag-sff","14":"first","15":"instock","16":"featured","17":"taxable","18":"shipping-taxable","19":"purchasable","20":"product-type-af_composite_product"},"_links":{"self":[{"href":"https:\/\/www.highend-computer.de\/en\/wp-json\/wp\/v2\/product\/81","targetHints":{"allow":["GET"]}}],"collection":[{"href":"https:\/\/www.highend-computer.de\/en\/wp-json\/wp\/v2\/product"}],"about":[{"href":"https:\/\/www.highend-computer.de\/en\/wp-json\/wp\/v2\/types\/product"}],"replies":[{"embeddable":true,"href":"https:\/\/www.highend-computer.de\/en\/wp-json\/wp\/v2\/comments?post=81"}],"wp:featuredmedia":[{"embeddable":true,"href":"https:\/\/www.highend-computer.de\/en\/wp-json\/wp\/v2\/media\/496"}],"wp:attachment":[{"href":"https:\/\/www.highend-computer.de\/en\/wp-json\/wp\/v2\/media?parent=81"}],"wp:term":[{"taxonomy":"product_brand","embeddable":true,"href":"https:\/\/www.highend-computer.de\/en\/wp-json\/wp\/v2\/product_brand?post=81"},{"taxonomy":"product_cat","embeddable":true,"href":"https:\/\/www.highend-computer.de\/en\/wp-json\/wp\/v2\/product_cat?post=81"},{"taxonomy":"product_tag","embeddable":true,"href":"https:\/\/www.highend-computer.de\/en\/wp-json\/wp\/v2\/product_tag?post=81"}],"curies":[{"name":"wp","href":"https:\/\/api.w.org\/{rel}","templated":true}]}}