{"id":773,"date":"2025-03-10T15:43:05","date_gmt":"2025-03-10T15:43:05","guid":{"rendered":"https:\/\/www.highend-computer.de\/?post_type=product&#038;p=773"},"modified":"2025-04-02T05:55:22","modified_gmt":"2025-04-02T05:55:22","slug":"silentedition-minipc-luefterlos","status":"publish","type":"product","link":"https:\/\/www.highend-computer.de\/en\/product\/silentedition-minipc-luefterlos\/","title":{"rendered":"SilentEdition \u2013 MiniPC \u2013 Fanless"},"content":{"rendered":"<div id=\"ui-id-2\" class=\"ui-accordion-content ui-helper-reset ui-widget-content ui-corner-bottom ui-accordion-content-active\" role=\"tabpanel\" aria-labelledby=\"ui-id-1\" aria-hidden=\"false\">\n<p>Die <strong>ASUS ExpertCenter PN42<\/strong> und <strong>PN43<\/strong> \u00fcberzeugen mit <strong>schneller Leistung<\/strong> dank Intel\u00ae-Prozessoren, <strong>Windows 11 Unterst\u00fctzung<\/strong>, <strong>passivem (l\u00fcfterlosem) Design<\/strong> f\u00fcr ger\u00e4uschlosen Betrieb, <strong>VESA-Mount-Kompatibilit\u00e4t<\/strong> zur platzsparenden Montage, <strong>bis zu 8 TB SSD-Speicher<\/strong> und <strong>bis zu 32 GB RAM<\/strong> f\u00fcr reibungsloses Multitasking.<\/p>\n<\/div>\n<p>&nbsp;<\/p>\n<div id=\"ui-id-2\" class=\"ui-accordion-content ui-helper-reset ui-widget-content ui-corner-bottom ui-accordion-content-active\" role=\"tabpanel\" aria-labelledby=\"ui-id-1\" aria-hidden=\"false\">\n<p data-start=\"117\" data-end=\"143\"><strong data-start=\"117\" data-end=\"143\">ASUS ExpertCenter PN43<\/strong><\/p>\n<ul data-start=\"145\" data-end=\"1083\">\n<li data-start=\"145\" data-end=\"299\">\n<p data-start=\"147\" data-end=\"299\"><strong data-start=\"147\" data-end=\"178\">Leistungsstarke Prozessoren<\/strong>: <span class=\"relative -mx-px my-[-0.2rem] rounded px-px py-[0.2rem]\">Ausgestattet mit Intel\u00ae Prozessoren der N-Serie (N100, N200) bietet der PN43 solide Leistung f\u00fcr vielf\u00e4ltige Anwendungen.<\/span><\/p>\n<\/li>\n<li data-start=\"301\" data-end=\"449\">\n<p data-start=\"303\" data-end=\"449\"><strong data-start=\"303\" data-end=\"328\">Flexible K\u00fchloptionen<\/strong>: <span class=\"relative -mx-px my-[-0.2rem] rounded px-px py-[0.2rem]\">Verf\u00fcgbar in l\u00fcfterloser Ausf\u00fchrung f\u00fcr ger\u00e4uschlosen Betrieb oder mit L\u00fcfter f\u00fcr erh\u00f6hte Leistung.<\/span><\/p>\n<\/li>\n<li data-start=\"451\" data-end=\"604\">\n<p data-start=\"453\" data-end=\"604\"><strong data-start=\"453\" data-end=\"483\">Umfangreiche Konnektivit\u00e4t<\/strong>: <span class=\"relative -mx-px my-[-0.2rem] rounded px-px py-[0.2rem]\">Bietet bis zu sieben USB-Ports, optionalen zweiten 2,5G-LAN-Anschluss und konfigurierbare Ports (DisplayPort 1.4, VGA, COM, HDMI, USB-C mit DP1.4).<\/span><\/p>\n<\/li>\n<li data-start=\"606\" data-end=\"768\">\n<p data-start=\"608\" data-end=\"768\"><strong data-start=\"608\" data-end=\"643\">Unterst\u00fctzung mehrerer Displays<\/strong>: <span class=\"relative -mx-px my-[-0.2rem] rounded px-px py-[0.2rem]\">F\u00e4higkeit, bis zu drei Displays gleichzeitig oder zwei 4K-Displays zu betreiben, ideal f\u00fcr Multitasking.<\/span><\/p>\n<\/li>\n<li data-start=\"770\" data-end=\"919\">\n<p data-start=\"772\" data-end=\"919\"><strong data-start=\"772\" data-end=\"792\">Kompaktes Design<\/strong>: <span class=\"relative -mx-px my-[-0.2rem] rounded px-px py-[0.2rem]\">Mit Ma\u00dfen von 166,2 x 119,7 x 33,9 mm und einem Volumen von nur 0,67 Litern spart der PN43 wertvollen Platz.<\/span><\/p>\n<\/li>\n<li data-start=\"921\" data-end=\"1083\">\n<p data-start=\"923\" data-end=\"1083\"><strong data-start=\"923\" data-end=\"956\">Schnelle Netzwerkverbindungen<\/strong>: <span class=\"relative -mx-px my-[-0.2rem] rounded px-px py-[0.2rem]\">Integriertes Wi-Fi 6E und optionaler 2,5G-LAN-Anschluss erm\u00f6glichen schnelle und stabile Netzwerkverbindungen.<\/span><\/p>\n<\/li>\n<\/ul>\n<p data-start=\"1085\" data-end=\"1111\"><strong data-start=\"1085\" data-end=\"1111\">ASUS ExpertCenter PN42<\/strong><\/p>\n<ul data-start=\"1113\" data-end=\"2073\">\n<li data-start=\"1113\" data-end=\"1275\">\n<p data-start=\"1115\" data-end=\"1275\"><strong data-start=\"1115\" data-end=\"1148\">Energieeffiziente Prozessoren<\/strong>: <span class=\"relative -mx-px my-[-0.2rem] rounded px-px py-[0.2rem]\">Angetrieben von Intel\u00ae Prozessoren N100 und N200, die f\u00fcr niedrigen Energieverbrauch und ausreichende Leistung sorgen.<\/span><\/p>\n<\/li>\n<li data-start=\"1277\" data-end=\"1428\">\n<p data-start=\"1279\" data-end=\"1428\"><strong data-start=\"1279\" data-end=\"1301\">L\u00fcfterloses Design<\/strong>: <span class=\"relative -mx-px my-[-0.2rem] rounded px-px py-[0.2rem]\">Das fanless Design reduziert Ger\u00e4uschentwicklung und verhindert Staubansammlungen, ideal f\u00fcr ger\u00e4uschempfindliche Umgebungen.<\/span><\/p>\n<\/li>\n<li data-start=\"1430\" data-end=\"1593\">\n<p data-start=\"1432\" data-end=\"1593\"><strong data-start=\"1432\" data-end=\"1466\">Mehrfach-Display-Unterst\u00fctzung<\/strong>: <span class=\"relative -mx-px my-[-0.2rem] rounded px-px py-[0.2rem]\">Unterst\u00fctzt den gleichzeitigen Betrieb von bis zu drei Displays oder zwei 4K-Displays f\u00fcr effizientes Multitasking.<\/span><\/p>\n<\/li>\n<li data-start=\"1595\" data-end=\"1753\">\n<p data-start=\"1597\" data-end=\"1753\"><strong data-start=\"1597\" data-end=\"1626\">Vielseitige Konnektivit\u00e4t<\/strong>: <span class=\"relative -mx-px my-[-0.2rem] rounded px-px py-[0.2rem]\">Verf\u00fcgt \u00fcber sieben USB-Ports und konfigurierbare Ports (DisplayPort 1.4, VGA, COM, HDMI, USB-C mit DP1.2) f\u00fcr flexible Anschlussm\u00f6glichkeiten.<\/span><\/p>\n<\/li>\n<li data-start=\"1755\" data-end=\"1909\">\n<p data-start=\"1757\" data-end=\"1909\"><strong data-start=\"1757\" data-end=\"1782\">Platzsparendes Design<\/strong>: <span class=\"relative -mx-px my-[-0.2rem] rounded px-px py-[0.2rem]\">Mit Abmessungen von 127,5 x 132 x 57,6 mm und einem Volumen von unter 1 Liter eignet sich der PN42 f\u00fcr beengte Platzverh\u00e4ltnisse.<\/span><\/p>\n<\/li>\n<li data-start=\"1911\" data-end=\"2073\">\n<p data-start=\"1913\" data-end=\"2073\"><strong data-start=\"1913\" data-end=\"1946\">Schnelle Netzwerkverbindungen<\/strong>: <span class=\"relative -mx-px my-[-0.2rem] rounded px-px py-[0.2rem]\">Integriertes Wi-Fi 6E und optionaler 2,5G-LAN-Anschluss bieten schnelle und stabile Netzwerkverbindungen.<\/span><\/p>\n<\/li>\n<\/ul>\n<\/div>\n<p>&nbsp;<\/p>\n<h3>Entscheidungshilfe &#8211; Prozessor:<\/h3>\n<div id=\"ui-id-2\" class=\"ui-accordion-content ui-helper-reset ui-widget-content ui-corner-bottom ui-accordion-content-active\" role=\"tabpanel\" aria-labelledby=\"ui-id-1\" aria-hidden=\"false\">\n<table data-start=\"113\" data-end=\"817\">\n<thead data-start=\"113\" data-end=\"169\">\n<tr data-start=\"113\" data-end=\"169\">\n<th data-start=\"113\" data-end=\"134\"><strong data-start=\"115\" data-end=\"132\">Spezifikation<\/strong><\/th>\n<th data-start=\"134\" data-end=\"151\"><strong data-start=\"136\" data-end=\"150\">Intel N100<\/strong><\/th>\n<th data-start=\"151\" data-end=\"169\"><strong data-start=\"153\" data-end=\"167\">Intel N200<\/strong><\/th>\n<\/tr>\n<\/thead>\n<tbody data-start=\"225\" data-end=\"817\">\n<tr data-start=\"225\" data-end=\"264\">\n<td><strong data-start=\"227\" data-end=\"246\">Kerne \/ Threads<\/strong><\/td>\n<td>4 \/ 4<\/td>\n<td>4 \/ 4<\/td>\n<\/tr>\n<tr data-start=\"265\" data-end=\"341\">\n<td><strong data-start=\"267\" data-end=\"299\">Taktfrequenz (Basis \/ Boost)<\/strong><\/td>\n<td>800 MHz \/ 3,4 GHz<\/td>\n<td>1,0 GHz \/ 3,7 GHz<\/td>\n<\/tr>\n<tr data-start=\"342\" data-end=\"374\">\n<td><strong data-start=\"344\" data-end=\"358\">Cache (L3)<\/strong><\/td>\n<td>6 MB<\/td>\n<td>6 MB<\/td>\n<\/tr>\n<tr data-start=\"375\" data-end=\"421\">\n<td><strong data-start=\"377\" data-end=\"407\">TDP (Thermal Design Power)<\/strong><\/td>\n<td>6 W<\/td>\n<td>6 W<\/td>\n<\/tr>\n<tr data-start=\"422\" data-end=\"500\">\n<td><strong data-start=\"424\" data-end=\"438\">Grafikchip<\/strong><\/td>\n<td>Intel UHD Graphics (24 EUs)<\/td>\n<td>Intel UHD Graphics (32 EUs)<\/td>\n<\/tr>\n<tr data-start=\"501\" data-end=\"546\">\n<td><strong data-start=\"503\" data-end=\"524\">Max. GPU-Frequenz<\/strong><\/td>\n<td>750 MHz<\/td>\n<td>850 MHz<\/td>\n<\/tr>\n<tr data-start=\"547\" data-end=\"633\">\n<td><strong data-start=\"549\" data-end=\"573\">Max. Arbeitsspeicher<\/strong><\/td>\n<td>16 GB LPDDR5 \/ DDR5 \/ DDR4<\/td>\n<td>32 GB LPDDR5 \/ DDR5 \/ DDR4<\/td>\n<\/tr>\n<tr data-start=\"634\" data-end=\"692\">\n<td><strong data-start=\"636\" data-end=\"652\">Speichertakt<\/strong><\/td>\n<td>bis zu 4800 MT\/s<\/td>\n<td>bis zu 4800 MT\/s<\/td>\n<\/tr>\n<tr data-start=\"693\" data-end=\"741\">\n<td><strong data-start=\"695\" data-end=\"717\">PCIe Unterst\u00fctzung<\/strong><\/td>\n<td>PCIe 3.0<\/td>\n<td>PCIe 3.0<\/td>\n<\/tr>\n<tr data-start=\"742\" data-end=\"782\">\n<td><strong data-start=\"744\" data-end=\"770\">Intel Quick Sync Video<\/strong><\/td>\n<td>Ja<\/td>\n<td>Ja<\/td>\n<\/tr>\n<tr data-start=\"783\" data-end=\"817\">\n<td><strong data-start=\"785\" data-end=\"801\">Release Jahr<\/strong><\/td>\n<td>2023<\/td>\n<td>2023<\/td>\n<\/tr>\n<\/tbody>\n<\/table>\n<p data-start=\"819\" data-end=\"831\"><strong data-start=\"819\" data-end=\"829\">Welcher Prozessor ist der richtige f\u00fcr mich?<\/strong><\/p>\n<ul data-start=\"832\" data-end=\"1193\" data-is-only-node=\"\" data-is-last-node=\"\">\n<li data-start=\"832\" data-end=\"1008\">Der <strong data-start=\"838\" data-end=\"852\">Intel N200<\/strong> bietet eine h\u00f6here <strong data-start=\"872\" data-end=\"894\">Boost-Taktfrequenz<\/strong> (3,7 GHz vs. 3,4 GHz) und eine leistungsst\u00e4rkere <strong data-start=\"944\" data-end=\"963\">integrierte GPU<\/strong> mit mehr Recheneinheiten und h\u00f6herem Takt.<\/li>\n<li data-start=\"1009\" data-end=\"1193\" data-is-last-node=\"\">Der <strong data-start=\"1015\" data-end=\"1029\">Intel N100<\/strong> ist energieeffizient und ausreichend f\u00fcr allt\u00e4gliche Anwendungen, w\u00e4hrend der <strong data-start=\"1108\" data-end=\"1116\">N200<\/strong> etwas mehr Leistung f\u00fcr Multitasking und grafikintensive Anwendungen bietet.<\/li>\n<\/ul>\n<\/div>\n","protected":false},"excerpt":{"rendered":"<p>Die ASUS ExpertCenter PN42 und PN43 \u00fcberzeugen mit schneller Leistung dank Intel\u00ae-Prozessoren, Windows 11 Unterst\u00fctzung, passivem (l\u00fcfterlosem) Design f\u00fcr ger\u00e4uschlosen Betrieb, VESA-Mount-Kompatibilit\u00e4t zur platzsparenden Montage, bis zu 8 TB SSD-Speicher und bis zu 32 GB RAM f\u00fcr reibungsloses Multitasking. &nbsp; ASUS ExpertCenter PN43 Leistungsstarke Prozessoren: Ausgestattet mit Intel\u00ae Prozessoren der N-Serie (N100, N200) bietet der [&hellip;]<\/p>\n","protected":false},"featured_media":789,"comment_status":"open","ping_status":"closed","template":"","meta":{"_monsterinsights_skip_tracking":false,"_monsterinsights_sitenote_active":false,"_monsterinsights_sitenote_note":"","_monsterinsights_sitenote_category":0},"product_brand":[],"product_cat":[18,20,22],"product_tag":[36,37,38],"class_list":{"0":"post-773","1":"product","2":"type-product","3":"status-publish","4":"has-post-thumbnail","6":"product_cat-silent-pc-made-by-highend-computer","7":"product_cat-mini-passiver-pc","8":"product_cat-refurbished-b-ware-3","9":"product_tag-amd_main","10":"product_tag-intel_main","11":"product_tag-sff","13":"first","14":"instock","15":"featured","16":"taxable","17":"shipping-taxable","18":"purchasable","19":"product-type-af_composite_product"},"_links":{"self":[{"href":"https:\/\/www.highend-computer.de\/en\/wp-json\/wp\/v2\/product\/773","targetHints":{"allow":["GET"]}}],"collection":[{"href":"https:\/\/www.highend-computer.de\/en\/wp-json\/wp\/v2\/product"}],"about":[{"href":"https:\/\/www.highend-computer.de\/en\/wp-json\/wp\/v2\/types\/product"}],"replies":[{"embeddable":true,"href":"https:\/\/www.highend-computer.de\/en\/wp-json\/wp\/v2\/comments?post=773"}],"wp:featuredmedia":[{"embeddable":true,"href":"https:\/\/www.highend-computer.de\/en\/wp-json\/wp\/v2\/media\/789"}],"wp:attachment":[{"href":"https:\/\/www.highend-computer.de\/en\/wp-json\/wp\/v2\/media?parent=773"}],"wp:term":[{"taxonomy":"product_brand","embeddable":true,"href":"https:\/\/www.highend-computer.de\/en\/wp-json\/wp\/v2\/product_brand?post=773"},{"taxonomy":"product_cat","embeddable":true,"href":"https:\/\/www.highend-computer.de\/en\/wp-json\/wp\/v2\/product_cat?post=773"},{"taxonomy":"product_tag","embeddable":true,"href":"https:\/\/www.highend-computer.de\/en\/wp-json\/wp\/v2\/product_tag?post=773"}],"curies":[{"name":"wp","href":"https:\/\/api.w.org\/{rel}","templated":true}]}}