{"id":737,"date":"2025-02-24T16:17:58","date_gmt":"2025-02-24T16:17:58","guid":{"rendered":"https:\/\/www.highend-computer.de\/?post_type=product&#038;p=737"},"modified":"2025-03-10T15:06:16","modified_gmt":"2025-03-10T15:06:16","slug":"19-workstation-professionaledition-amd-threadripper","status":"publish","type":"product","link":"https:\/\/www.highend-computer.de\/en\/product\/19-workstation-professionaledition-amd-threadripper\/","title":{"rendered":"19&#8243; Workstation &#8211; ProfessionalEdition AMD Threadripper\u2122"},"content":{"rendered":"<div id=\"ui-id-2\" class=\"ui-accordion-content ui-helper-reset ui-widget-content ui-corner-bottom ui-accordion-content-active\" role=\"tabpanel\" aria-labelledby=\"ui-id-1\" aria-hidden=\"false\">\n<div id=\"ui-id-2\" class=\"ui-accordion-content ui-helper-reset ui-widget-content ui-corner-bottom ui-accordion-content-active\" role=\"tabpanel\" aria-labelledby=\"ui-id-1\" aria-hidden=\"false\">\n<h1 data-start=\"0\" data-end=\"95\"><strong data-start=\"2\" data-end=\"85\">ProfessionalEdition Rack \u2013 The ultimate high-end workstation for professionals!<\/strong><\/h1>\n<p data-start=\"97\" data-end=\"587\" class=\"translation-block\">Maximum performance for rendering, simulations, AI workloads, and technical calculations\u2014the Professional Edition Rack combines state-of-the-art AMD Threadripper\u2122 processors with a highly efficient 360mm custom water cooling system. AMD Threadripper\u2122 processors with a highly efficient 360mm custom water cooling system for uncompromising power with whisper-quiet cooling. Designed for <strong data-start=\"\u201c417\u201d\" data-end=\"\u201c496\u201d\">creative professionals, engineers, and anyone who needs uncompromising performance<\/strong>, this workstation sets new standards in <strong data-start=\"\u2018539\u2019\" data-end=\"\u201c584\u201d\">performance, efficiency, and scalability<\/strong>.<\/p>\n<hr data-start=\"589\" data-end=\"592\" \/>\n<h2 data-start=\"594\" data-end=\"662\"><strong data-start=\"597\" data-end=\"660\">Extreme performance with AMD Ryzen\u2122 Threadripper\u2122<\/strong><\/h2>\n<p data-start=\"663\" data-end=\"1042\" class=\"translation-block\">The <strong data-start=\"\u201c667\u201d\" data-end=\"\u201c700\u201d\">Professional Edition Rack <\/strong>is based on the <strong data-start=\"\u2018717\u2019\" data-end=\"\u201c751\u201d\">Zen 4 \u201cStorm Peak\u201d architecture<\/strong> and thus offers <strong data-start=\"\u201c774\u201d\" data-end=\"\u201c806\u201d\">groundbreaking computing power<\/strong> for <strong data-start=\"\u2018811\u2019\" data-end=\"\u201c838\u201d\">CPU-intensive workloads<\/strong>. Thanks to <strong data-start=\"\u201c845\u201d\" data-end=\"\u201c882\u201d\">simultaneous multithreading (SMT)<\/strong>, up to <strong data-start=\"\u2018897\u2019\" data-end=\"\u201c925\u201d\">384 threads can be executed simultaneously<\/strong>, while the <strong data-start=\"\u201c957\u201d\" data-end=\"\u201c1009\u201d\">integrated octa-channel DDR5 memory controller<\/strong> ensures maximum bandwidth.<\/p>\n<table data-start=\"1044\" data-end=\"1785\">\n<thead data-start=\"1044\" data-end=\"1136\">\n<tr data-start=\"1044\" data-end=\"1136\">\n<th data-start=\"1044\" data-end=\"1060\"><strong data-start=\"1046\" data-end=\"1059\">Processor<\/strong><\/th>\n<th data-start=\"1060\" data-end=\"1082\"><strong data-start=\"1062\" data-end=\"1081\">Cores \/ Threads<\/strong><\/th>\n<th data-start=\"1082\" data-end=\"1116\"><strong data-start=\"1084\" data-end=\"1115\">Clock frequency (base\/boost)<\/strong><\/th>\n<th data-start=\"1116\" data-end=\"1136\"><strong data-start=\"1118\" data-end=\"1134\">Ideal for...<\/strong><\/th>\n<\/tr>\n<\/thead>\n<tbody data-start=\"1220\" data-end=\"1785\">\n<tr data-start=\"1220\" data-end=\"1344\">\n<td><strong data-start=\"1222\" data-end=\"1240\">AMD Ryzen\u2122 Threadripper\u2122 7960X<\/strong><\/td>\n<td>24C \/ 48T<\/td>\n<td>4.20-5.30GHz<\/td>\n<td class=\"translation-block\">Maximum PCIe lanes \u2013 for cost-effective multi-GPU setup or simulations &amp; AI<\/td>\n<\/tr>\n<tr data-start=\"1345\" data-end=\"1477\">\n<td><strong data-start=\"1347\" data-end=\"1365\">AMD Ryzen\u2122 Threadripper\u2122 7970X<\/strong><\/td>\n<td>32C \/ 64T<\/td>\n<td>4.00-5.30GHz<\/td>\n<td class=\"translation-block\"><strong>A perfect balance<\/strong> between maximum performance and energy efficiency in your high-end workstation.<\/td>\n<\/tr>\n<tr data-start=\"1478\" data-end=\"1645\">\n<td><strong data-start=\"1480\" data-end=\"1514\">AMD Ryzen\u2122 Threadripper\u2122 7980X<\/strong><\/td>\n<td>64C \/ 128T<\/td>\n<td>3.20 &#8211; 5.10 GHz<\/td>\n<td class=\"translation-block\"><strong data-start=\"\u201c1561\u201d\" data-end=\"\u201c1585\u201d\">Highest IPC performance<\/strong> for demanding workloads with heavy single-core load<\/td>\n<\/tr>\n<tr data-start=\"1646\" data-end=\"1785\">\n<td><strong data-start=\"1648\" data-end=\"1687\">AMD Ryzen\u2122 Threadripper\u2122 PRO 7995WX<\/strong><\/td>\n<td>96C \/ 192T<\/td>\n<td>2.50 &#8211; 5.10 GHz<\/td>\n<td class=\"translation-block\"><strong data-start=\"\u201c1721\u201d\" data-end=\"\u201c1748\u201d\">The perfect all-rounder<\/strong> for professionals in rendering, CAD, and VFX<\/td>\n<\/tr>\n<\/tbody>\n<\/table>\n<hr data-start=\"1787\" data-end=\"1790\" \/>\n<h2 data-start=\"1792\" data-end=\"1847\"><strong data-start=\"1795\" data-end=\"1845\">Which CPU is right for you?<\/strong><\/h2>\n<p data-start=\"55\" data-end=\"98\"><strong data-start=\"57\" data-end=\"96\">AMD Ryzen\u2122 Threadripper\u2122 PRO 7960X:<\/strong><\/p>\n<ul data-start=\"102\" data-end=\"273\">\n<li data-start=\"102\" data-end=\"190\">Ideal if you are looking for stable and powerful performance at a fair price.<\/li>\n<li data-start=\"194\" data-end=\"273\">Perfect for office applications, creative software, and moderate multitasking.<\/li>\n<\/ul>\n<p data-start=\"275\" data-end=\"318\">\u2022 <strong data-start=\"277\" data-end=\"316\">AMD Ryzen\u2122 Threadripper\u2122 PRO 7970X:<\/strong><\/p>\n<ul data-start=\"322\" data-end=\"533\">\n<li data-start=\"322\" data-end=\"446\">Recommended if you need extra computing power for demanding workflows such as graphic design or video production.<\/li>\n<li data-start=\"450\" data-end=\"533\">Offers you an excellent balance between performance and energy efficiency.<\/li>\n<\/ul>\n<p data-start=\"535\" data-end=\"578\">\u2022 <strong data-start=\"537\" data-end=\"576\">AMD Ryzen\u2122 Threadripper\u2122 PRO 7980X:<\/strong><\/p>\n<ul data-start=\"582\" data-end=\"755\">\n<li data-start=\"582\" data-end=\"669\">Ideal if you want to tackle data-intensive projects and complex tasks.<\/li>\n<li data-start=\"673\" data-end=\"755\">Utilizes cutting-edge technology to effortlessly handle even extensive workloads.<\/li>\n<\/ul>\n<p data-start=\"757\" data-end=\"801\">\u2022 <strong data-start=\"759\" data-end=\"799\">AMD Ryzen\u2122 Threadripper\u2122 PRO 7995WX:<\/strong><\/p>\n<ul data-start=\"805\" data-end=\"1003\">\n<li data-start=\"805\" data-end=\"893\">Our flagship product for the highest demands \u2013 if you don't want to compromise.<\/li>\n<li data-start=\"897\" data-end=\"1003\">Perfect for high-end workstations, critical business applications, and extremely demanding projects.<\/li>\n<\/ul>\n<h3 data-start=\"1848\" data-end=\"1960\"><strong data-start=\"1852\" data-end=\"1958\">\u00a0<\/strong><\/h3>\n<hr data-start=\"2639\" data-end=\"2642\" \/>\n<h2 data-start=\"2644\" data-end=\"2701\"><strong data-start=\"2647\" data-end=\"2701\">High-end features for uncompromising performance<\/strong><\/h2>\n<p data-start=\"2702\" data-end=\"3083\" class=\"translation-block\">\ud83d\udd39 <strong data-start=\"\u201c2705\u201d\" data-end=\"\u201c2758\u201d\">State-of-the-art platform with WRX90 chipset<\/strong> \u2013 maximum stability &amp; scalability<br data-start=\"\u20182797\u2019\" data-end=\"\u201c2800\u201d\">\ud83d\udd39 <strong data-start=\"\u201c2803\u201d\" data-end=\"\u201c2833\u201d\">360mm custom water cooling<\/strong> \u2013 whisper quiet &amp; highly efficient for extreme workloads<br data-start=\"\u20182886\u2019\" data-end=\"\u201c2889\u201d\">\ud83d\udd39 <strong data-start=\"\u201c2892\u201d\" data-end=\"\u201c2914\u201d\">PCIe 5.0 NVMe SSDs<\/strong> \u2013 lightning-fast access times for optimized system performance<br data-start=\"\u20182979\u2019\" data-end=\"\u201c2982\u201d\">\ud83d\udd39 <strong data-start=\"\u201c2985\u201d\" data-end=\"\u201c3032\u201d\">Robust SilverStone RM44 chassis (19\u2033 4U)<\/strong> \u2013 rack-mountable &amp; perfect for workstation environments<\/p>\n<p data-start=\"3085\" data-end=\"3293\" class=\"translation-block\">Whether as the ultimate rendering platform or a high-performance workstation for technical calculations, the Professional Edition Rack delivers uncompromising performance for the most demanding workflows.<\/p>\n<p data-start=\"3295\" data-end=\"3348\" data-is-last-node=\"\"><strong data-start=\"3298\" data-end=\"3341\">Power you can feel\u2014but not hear!<\/strong><\/p>\n<\/div>\n<\/div>","protected":false},"excerpt":{"rendered":"<p>ProfessionalEdition Rack \u2013 Die ultimative High-End Workstation f\u00fcr Profis! Maximale Leistung f\u00fcr Rendering, Simulationen, AI-Workloads &amp; technische Berechnungen \u2013 die ProfessionalEdition Rack kombiniert modernste AMD Threadripper\u2122 Prozessoren mit einem hocheffizienten 360mm Custom-Wasserk\u00fchlsystem f\u00fcr kompromisslose Power bei fl\u00fcsterleiser K\u00fchlung. Entwickelt f\u00fcr kreative Profis, Ingenieure und alle, die kompromisslose Leistung ben\u00f6tigen, setzt diese Workstation neue Ma\u00dfst\u00e4be in [&hellip;]<\/p>\n","protected":false},"featured_media":772,"comment_status":"open","ping_status":"closed","template":"","meta":{"_monsterinsights_skip_tracking":false,"_monsterinsights_sitenote_active":false,"_monsterinsights_sitenote_note":"","_monsterinsights_sitenote_category":0},"product_brand":[],"product_cat":[17,19],"product_tag":[89],"class_list":{"0":"post-737","1":"product","2":"type-product","3":"status-publish","4":"has-post-thumbnail","6":"product_cat-highend-workstations","7":"product_cat-wassergekuehlter-pc","8":"product_tag-hedt","10":"first","11":"instock","12":"featured","13":"taxable","14":"shipping-taxable","15":"purchasable","16":"product-type-af_composite_product"},"_links":{"self":[{"href":"https:\/\/www.highend-computer.de\/en\/wp-json\/wp\/v2\/product\/737","targetHints":{"allow":["GET"]}}],"collection":[{"href":"https:\/\/www.highend-computer.de\/en\/wp-json\/wp\/v2\/product"}],"about":[{"href":"https:\/\/www.highend-computer.de\/en\/wp-json\/wp\/v2\/types\/product"}],"replies":[{"embeddable":true,"href":"https:\/\/www.highend-computer.de\/en\/wp-json\/wp\/v2\/comments?post=737"}],"wp:featuredmedia":[{"embeddable":true,"href":"https:\/\/www.highend-computer.de\/en\/wp-json\/wp\/v2\/media\/772"}],"wp:attachment":[{"href":"https:\/\/www.highend-computer.de\/en\/wp-json\/wp\/v2\/media?parent=737"}],"wp:term":[{"taxonomy":"product_brand","embeddable":true,"href":"https:\/\/www.highend-computer.de\/en\/wp-json\/wp\/v2\/product_brand?post=737"},{"taxonomy":"product_cat","embeddable":true,"href":"https:\/\/www.highend-computer.de\/en\/wp-json\/wp\/v2\/product_cat?post=737"},{"taxonomy":"product_tag","embeddable":true,"href":"https:\/\/www.highend-computer.de\/en\/wp-json\/wp\/v2\/product_tag?post=737"}],"curies":[{"name":"wp","href":"https:\/\/api.w.org\/{rel}","templated":true}]}}