{"id":435,"date":"2024-09-18T08:29:08","date_gmt":"2024-09-18T08:29:08","guid":{"rendered":"https:\/\/www.highend-computer.de\/wordpress\/?page_id=435"},"modified":"2025-03-17T09:43:49","modified_gmt":"2025-03-17T09:43:49","slug":"hol-dir-dein-individuelles-angebot","status":"publish","type":"page","link":"https:\/\/www.highend-computer.de\/en\/hol-dir-dein-individuelles-angebot\/","title":{"rendered":"Individuelles Angebot anfordern:"},"content":{"rendered":"\n<p>Sie kennen Ihre eigenen Anforderungen und W\u00fcnsche am Besten. F\u00fcllen Sie einfach unser kurzes Formular aus, und wir erstellen Ihnen schnellstm\u00f6glich ein passendes, individuelles Angebot.<\/p>\n\n\n<style id=\"wpforms-css-vars-430-block-6e50c453-da9d-4f69-91d4-fa8bbdf44e8c\">\n\t\t\t\t#wpforms-430.wpforms-block-6e50c453-da9d-4f69-91d4-fa8bbdf44e8c {\n\t\t\t\t--wpforms-label-color: var(--theme-palette-color-8, #ffffff);\n--wpforms-label-sublabel-color: var(--theme-palette-color-7, #f1f1f2);\n--wpforms-field-text-color: var(--theme-palette-color-8, #ffffff);\n--wpforms-field-size-input-height: 43px;\n--wpforms-field-size-input-spacing: 15px;\n--wpforms-field-size-font-size: 16px;\n--wpforms-field-size-line-height: 19px;\n--wpforms-field-size-padding-h: 14px;\n--wpforms-field-size-checkbox-size: 16px;\n--wpforms-field-size-sublabel-spacing: 5px;\n--wpforms-field-size-icon-size: 1;\n--wpforms-label-size-font-size: 16px;\n--wpforms-label-size-line-height: 19px;\n--wpforms-label-size-sublabel-font-size: 14px;\n--wpforms-label-size-sublabel-line-height: 17px;\n--wpforms-button-size-font-size: 17px;\n--wpforms-button-size-height: 41px;\n--wpforms-button-size-padding-h: 15px;\n--wpforms-button-size-margin-top: 10px;\n\t\t\t}\n\t\t\t<\/style><div class=\"wpforms-container wpforms-container-full wpforms-block wpforms-block-6e50c453-da9d-4f69-91d4-fa8bbdf44e8c wpforms-render-modern\" id=\"wpforms-430\"><form id=\"wpforms-form-430\" class=\"wpforms-validate wpforms-form wpforms-ajax-form\" data-formid=\"430\" method=\"post\" enctype=\"multipart\/form-data\" action=\"\/en\/wp-json\/wp\/v2\/pages\/435\" data-token=\"baa93f2e5f3c74ac83e06616cfb759bc\" data-token-time=\"1777131436\"><noscript class=\"wpforms-error-noscript\">Please enable JavaScript in your browser to complete this form.<\/noscript><div id=\"wpforms-error-noscript\" style=\"display: none;\">Please enable JavaScript in your browser to complete this form.<\/div><div class=\"wpforms-field-container\"><div id=\"wpforms-430-field_1-container\" class=\"wpforms-field wpforms-field-select wpforms-field-select-style-classic\" data-field-id=\"1\"><label class=\"wpforms-field-label\" for=\"wpforms-430-field_1\">Wie oft und wann nutzen Sie Ihren PC\/Workstation?<\/label><select id=\"wpforms-430-field_1\" class=\"wpforms-field-medium\" name=\"wpforms[fields][1]\"><option value=\"T\u00e4glich zur Arbeit\"  selected='selected' class=\"choice-2 depth-1\"  >T\u00e4glich zur Arbeit<\/option><option value=\"Eher abends und am Wochenende\"  class=\"choice-3 depth-1\"  >Eher abends und am Wochenende<\/option><option value=\"24\/7 (also nie ausschalten)\"  class=\"choice-1 depth-1\"  >24\/7 (also nie ausschalten)<\/option><option value=\"Andere* (bitte spezifizieren)\"  class=\"choice-4 depth-1\"  >Andere* (bitte spezifizieren)<\/option><\/select><\/div><div id=\"wpforms-430-field_25-container\" class=\"wpforms-field wpforms-field-text\" data-field-id=\"25\"><label class=\"wpforms-field-label\" for=\"wpforms-430-field_25\">*Wenn &quot;Andere&quot; gew\u00e4hlt<\/label><input type=\"text\" id=\"wpforms-430-field_25\" class=\"wpforms-field-medium\" name=\"wpforms[fields][25]\" aria-errormessage=\"wpforms-430-field_25-error\" ><\/div><div id=\"wpforms-430-field_27-container\" class=\"wpforms-field wpforms-field-select wpforms-field-select-style-classic\" data-field-id=\"27\"><label class=\"wpforms-field-label\" for=\"wpforms-430-field_27\">Bauform \u2013 Welches Format bevorzugen Sie?<\/label><select id=\"wpforms-430-field_27\" class=\"wpforms-field-medium\" name=\"wpforms[fields][27]\"><option value=\"Tower-PC\"  class=\"choice-1 depth-1\"  >Tower-PC<\/option><option value=\"Mini-PC\"  class=\"choice-2 depth-1\"  >Mini-PC<\/option><option value=\"VESA-kompatibel (f\u00fcr die Installation an einer Wand\/Monitor\/etc)\"  class=\"choice-3 depth-1\"  >VESA-kompatibel (f\u00fcr die Installation an einer Wand\/Monitor\/etc)<\/option><option value=\"Rackmount (19\u201c)\"  class=\"choice-4 depth-1\"  >Rackmount (19\u201c)<\/option><option value=\"Andere* (welche?)\"  class=\"choice-5 depth-1\"  >Andere* (welche?)<\/option><\/select><\/div><div id=\"wpforms-430-field_4-container\" class=\"wpforms-field wpforms-field-text\" data-field-id=\"4\"><label class=\"wpforms-field-label\" for=\"wpforms-430-field_4\">*Wenn &quot;Andere&quot; gew\u00e4hlt<\/label><input type=\"text\" id=\"wpforms-430-field_4\" class=\"wpforms-field-medium\" name=\"wpforms[fields][4]\" aria-errormessage=\"wpforms-430-field_4-error\" ><\/div><div id=\"wpforms-430-field_5-container\" class=\"wpforms-field wpforms-field-checkbox\" data-field-id=\"5\"><fieldset><legend class=\"wpforms-field-label\">Welche Optik bevorzugen Sie f\u00fcr Ihren PC\/Workstation?<\/legend><ul id=\"wpforms-430-field_5\"><li class=\"choice-1 depth-1\"><input type=\"checkbox\" id=\"wpforms-430-field_5_1\" name=\"wpforms[fields][5][]\" value=\"M\u00f6glichst kompakt\" aria-errormessage=\"wpforms-430-field_5_1-error\"  ><label class=\"wpforms-field-label-inline\" for=\"wpforms-430-field_5_1\">M\u00f6glichst kompakt<\/label><\/li><li class=\"choice-2 depth-1\"><input type=\"checkbox\" id=\"wpforms-430-field_5_2\" name=\"wpforms[fields][5][]\" value=\"M\u00f6glichst schlicht\" aria-errormessage=\"wpforms-430-field_5_2-error\"  ><label class=\"wpforms-field-label-inline\" for=\"wpforms-430-field_5_2\">M\u00f6glichst schlicht<\/label><\/li><li class=\"choice-3 depth-1\"><input type=\"checkbox\" id=\"wpforms-430-field_5_3\" name=\"wpforms[fields][5][]\" value=\"Mit RGB-Beleuchtung\" aria-errormessage=\"wpforms-430-field_5_3-error\"  ><label class=\"wpforms-field-label-inline\" for=\"wpforms-430-field_5_3\">Mit RGB-Beleuchtung<\/label><\/li><li class=\"choice-4 depth-1\"><input type=\"checkbox\" id=\"wpforms-430-field_5_4\" name=\"wpforms[fields][5][]\" value=\"Andere* (bitte spezifizieren)\" aria-errormessage=\"wpforms-430-field_5_4-error\"  ><label class=\"wpforms-field-label-inline\" for=\"wpforms-430-field_5_4\">Andere* (bitte spezifizieren)<\/label><\/li><\/ul><\/fieldset><\/div><div id=\"wpforms-430-field_6-container\" class=\"wpforms-field wpforms-field-text\" data-field-id=\"6\"><label class=\"wpforms-field-label\" for=\"wpforms-430-field_6\">*Wenn &quot;Andere&quot; gew\u00e4hlt<\/label><input type=\"text\" id=\"wpforms-430-field_6\" class=\"wpforms-field-medium\" name=\"wpforms[fields][6]\" aria-errormessage=\"wpforms-430-field_6-error\" ><\/div><div id=\"wpforms-430-field_29-container\" class=\"wpforms-field wpforms-field-select wpforms-field-select-style-classic\" data-field-id=\"29\"><label class=\"wpforms-field-label\" for=\"wpforms-430-field_29\">Welche Farbe bevorzugen Sie f\u00fcr Ihren PC\/Workstation?<\/label><select id=\"wpforms-430-field_29\" class=\"wpforms-field-medium\" name=\"wpforms[fields][29]\"><option value=\"Schwarz\"  class=\"choice-1 depth-1\"  >Schwarz<\/option><option value=\"Silber\"  class=\"choice-2 depth-1\"  >Silber<\/option><option value=\"Wei\u00df\"  class=\"choice-3 depth-1\"  >Wei\u00df<\/option><option value=\"Andere* (bitte spezifizieren)\"  class=\"choice-4 depth-1\"  >Andere* (bitte spezifizieren)<\/option><\/select><\/div>\t\t<div id=\"wpforms-430-field_2-container\"\n\t\t\tclass=\"wpforms-field wpforms-field-text\"\n\t\t\tdata-field-type=\"text\"\n\t\t\tdata-field-id=\"2\"\n\t\t\t>\n\t\t\t<label class=\"wpforms-field-label\" for=\"wpforms-430-field_2\" >ist *Wenn Wie<\/label>\n\t\t\t<input type=\"text\" id=\"wpforms-430-field_2\" class=\"wpforms-field-medium\" name=\"wpforms[fields][2]\" >\n\t\t<\/div>\n\t\t<div id=\"wpforms-430-field_8-container\" class=\"wpforms-field wpforms-field-text\" data-field-id=\"8\"><label class=\"wpforms-field-label\" for=\"wpforms-430-field_8\">*Wenn &quot;Andere&quot; gew\u00e4hlt<\/label><input type=\"text\" id=\"wpforms-430-field_8\" class=\"wpforms-field-medium\" name=\"wpforms[fields][8]\" aria-errormessage=\"wpforms-430-field_8-error\" ><\/div><div id=\"wpforms-430-field_30-container\" class=\"wpforms-field wpforms-field-checkbox\" data-field-id=\"30\"><fieldset><legend class=\"wpforms-field-label\">F\u00fcr welche Zwecke nutzen Sie Ihren PC\/Workstation haupts\u00e4chlich?<\/legend><ul id=\"wpforms-430-field_30\"><li class=\"choice-1 depth-1\"><input type=\"checkbox\" id=\"wpforms-430-field_30_1\" name=\"wpforms[fields][30][]\" value=\"B\u00fcroarbeit (z.B. Textverarbeitung, Tabellenkalkulation)\" aria-errormessage=\"wpforms-430-field_30_1-error\"  ><label class=\"wpforms-field-label-inline\" for=\"wpforms-430-field_30_1\">B\u00fcroarbeit (z.B. Textverarbeitung, Tabellenkalkulation)<\/label><\/li><li class=\"choice-2 depth-1\"><input type=\"checkbox\" id=\"wpforms-430-field_30_2\" name=\"wpforms[fields][30][]\" value=\"Kreative Arbeit (z.B. Grafikdesign, Videobearbeitung)\" aria-errormessage=\"wpforms-430-field_30_2-error\"  ><label class=\"wpforms-field-label-inline\" for=\"wpforms-430-field_30_2\">Kreative Arbeit (z.B. Grafikdesign, Videobearbeitung)<\/label><\/li><li class=\"choice-3 depth-1\"><input type=\"checkbox\" id=\"wpforms-430-field_30_3\" name=\"wpforms[fields][30][]\" value=\"Softwareentwicklung\" aria-errormessage=\"wpforms-430-field_30_3-error\"  ><label class=\"wpforms-field-label-inline\" for=\"wpforms-430-field_30_3\">Softwareentwicklung<\/label><\/li><li class=\"choice-6 depth-1\"><input type=\"checkbox\" id=\"wpforms-430-field_30_6\" name=\"wpforms[fields][30][]\" value=\"Gaming* (bitte spezifizieren, welche Titel gespielt werden)\" aria-errormessage=\"wpforms-430-field_30_6-error\"  ><label class=\"wpforms-field-label-inline\" for=\"wpforms-430-field_30_6\">Gaming* (bitte spezifizieren, welche Titel gespielt werden)<\/label><\/li><li class=\"choice-5 depth-1\"><input type=\"checkbox\" id=\"wpforms-430-field_30_5\" name=\"wpforms[fields][30][]\" value=\"Andere* (bitte spezifizieren)\" aria-errormessage=\"wpforms-430-field_30_5-error\"  ><label class=\"wpforms-field-label-inline\" for=\"wpforms-430-field_30_5\">Andere* (bitte spezifizieren)<\/label><\/li><\/ul><\/fieldset><\/div><div id=\"wpforms-430-field_10-container\" class=\"wpforms-field wpforms-field-text\" data-field-id=\"10\"><label class=\"wpforms-field-label\" for=\"wpforms-430-field_10\">*Wenn &quot;Andere&quot; \/ Gaming gew\u00e4hlt<\/label><input type=\"text\" id=\"wpforms-430-field_10\" class=\"wpforms-field-medium\" name=\"wpforms[fields][10]\" aria-errormessage=\"wpforms-430-field_10-error\" ><\/div><div id=\"wpforms-430-field_14-container\" class=\"wpforms-field wpforms-field-checkbox\" data-field-id=\"14\"><fieldset><legend class=\"wpforms-field-label\">Welche Software nutzen Sie regelm\u00e4\u00dfig?<\/legend><ul id=\"wpforms-430-field_14\"><li class=\"choice-1 depth-1\"><input type=\"checkbox\" id=\"wpforms-430-field_14_1\" name=\"wpforms[fields][14][]\" value=\"Office-Software (z.B. Microsoft Office, Google Workspace)\" aria-errormessage=\"wpforms-430-field_14_1-error\"  ><label class=\"wpforms-field-label-inline\" for=\"wpforms-430-field_14_1\">Office-Software (z.B. Microsoft Office, Google Workspace)<\/label><\/li><li class=\"choice-2 depth-1\"><input type=\"checkbox\" id=\"wpforms-430-field_14_2\" name=\"wpforms[fields][14][]\" value=\"Kreativ-Software (z.B. Adobe Creative Suite, CorelDRAW)\" aria-errormessage=\"wpforms-430-field_14_2-error\"  ><label class=\"wpforms-field-label-inline\" for=\"wpforms-430-field_14_2\">Kreativ-Software (z.B. Adobe Creative Suite, CorelDRAW)<\/label><\/li><li class=\"choice-3 depth-1\"><input type=\"checkbox\" id=\"wpforms-430-field_14_3\" name=\"wpforms[fields][14][]\" value=\"Entwicklungssoftware (z.B. Visual Studio, Eclipse)\" aria-errormessage=\"wpforms-430-field_14_3-error\"  ><label class=\"wpforms-field-label-inline\" for=\"wpforms-430-field_14_3\">Entwicklungssoftware (z.B. Visual Studio, Eclipse)<\/label><\/li><li class=\"choice-5 depth-1\"><input type=\"checkbox\" id=\"wpforms-430-field_14_5\" name=\"wpforms[fields][14][]\" value=\"Simulationssoftware\" aria-errormessage=\"wpforms-430-field_14_5-error\"  ><label class=\"wpforms-field-label-inline\" for=\"wpforms-430-field_14_5\">Simulationssoftware<\/label><\/li><li class=\"choice-6 depth-1\"><input type=\"checkbox\" id=\"wpforms-430-field_14_6\" name=\"wpforms[fields][14][]\" value=\"Deep Learning-Software\" aria-errormessage=\"wpforms-430-field_14_6-error\"  ><label class=\"wpforms-field-label-inline\" for=\"wpforms-430-field_14_6\">Deep Learning-Software<\/label><\/li><li class=\"choice-7 depth-1\"><input type=\"checkbox\" id=\"wpforms-430-field_14_7\" name=\"wpforms[fields][14][]\" value=\"Andere (bitte spezifizieren)\" aria-errormessage=\"wpforms-430-field_14_7-error\"  ><label class=\"wpforms-field-label-inline\" for=\"wpforms-430-field_14_7\">Andere (bitte spezifizieren)<\/label><\/li><\/ul><\/fieldset><\/div><div id=\"wpforms-430-field_12-container\" class=\"wpforms-field wpforms-field-text\" data-field-id=\"12\"><label class=\"wpforms-field-label\" for=\"wpforms-430-field_12\">*Wenn &quot;Andere&quot; gew\u00e4hlt<\/label><input type=\"text\" id=\"wpforms-430-field_12\" class=\"wpforms-field-medium\" name=\"wpforms[fields][12]\" aria-errormessage=\"wpforms-430-field_12-error\" ><\/div><div id=\"wpforms-430-field_17-container\" class=\"wpforms-field wpforms-field-text\" data-field-id=\"17\"><label class=\"wpforms-field-label\" for=\"wpforms-430-field_17\">Welche Software ist f\u00fcr Sie bei der Konfiguration eines neuen PCs\/Workstation unverzichtbar?<\/label><input type=\"text\" id=\"wpforms-430-field_17\" class=\"wpforms-field-medium\" name=\"wpforms[fields][17]\" aria-errormessage=\"wpforms-430-field_17-error\" ><\/div><div id=\"wpforms-430-field_11-container\" class=\"wpforms-field wpforms-field-checkbox\" data-field-id=\"11\"><fieldset><legend class=\"wpforms-field-label\">Welche Betriebssysteme bevorzugen Sie?<\/legend><ul id=\"wpforms-430-field_11\"><li class=\"choice-1 depth-1\"><input type=\"checkbox\" id=\"wpforms-430-field_11_1\" name=\"wpforms[fields][11][]\" value=\"Windows\" aria-errormessage=\"wpforms-430-field_11_1-error\"  ><label class=\"wpforms-field-label-inline\" for=\"wpforms-430-field_11_1\">Windows<\/label><\/li><li class=\"choice-2 depth-1\"><input type=\"checkbox\" id=\"wpforms-430-field_11_2\" name=\"wpforms[fields][11][]\" value=\"Linux\" aria-errormessage=\"wpforms-430-field_11_2-error\"  ><label class=\"wpforms-field-label-inline\" for=\"wpforms-430-field_11_2\">Linux<\/label><\/li><li class=\"choice-3 depth-1\"><input type=\"checkbox\" id=\"wpforms-430-field_11_3\" name=\"wpforms[fields][11][]\" value=\"Andere* (bitte spezifizieren)\" aria-errormessage=\"wpforms-430-field_11_3-error\"  ><label class=\"wpforms-field-label-inline\" for=\"wpforms-430-field_11_3\">Andere* (bitte spezifizieren)<\/label><\/li><\/ul><\/fieldset><\/div><div id=\"wpforms-430-field_15-container\" class=\"wpforms-field wpforms-field-text\" data-field-id=\"15\"><label class=\"wpforms-field-label\" for=\"wpforms-430-field_15\">*Wenn &quot;Andere&quot; gew\u00e4hlt<\/label><input type=\"text\" id=\"wpforms-430-field_15\" class=\"wpforms-field-medium\" name=\"wpforms[fields][15]\" aria-errormessage=\"wpforms-430-field_15-error\" ><\/div><div id=\"wpforms-430-field_18-container\" class=\"wpforms-field wpforms-field-checkbox\" data-field-id=\"18\"><fieldset><legend class=\"wpforms-field-label\">Sind Ihnen 2 Jahre Gew\u00e4hrleistung ausreichend oder bevorzugen Sie eine Garantie-Verl\u00e4ngerung auf 3 bzw. 5 Jahre?<\/legend><ul id=\"wpforms-430-field_18\"><li class=\"choice-1 depth-1\"><input type=\"checkbox\" id=\"wpforms-430-field_18_1\" name=\"wpforms[fields][18][]\" value=\"2 Jahre Gew\u00e4hrleistung\" aria-errormessage=\"wpforms-430-field_18_1-error\"  ><label class=\"wpforms-field-label-inline\" for=\"wpforms-430-field_18_1\">2 Jahre Gew\u00e4hrleistung<\/label><\/li><li class=\"choice-2 depth-1\"><input type=\"checkbox\" id=\"wpforms-430-field_18_2\" name=\"wpforms[fields][18][]\" value=\"3 Jahre Garantie-Verl\u00e4ngerung\" aria-errormessage=\"wpforms-430-field_18_2-error\"  ><label class=\"wpforms-field-label-inline\" for=\"wpforms-430-field_18_2\">3 Jahre Garantie-Verl\u00e4ngerung<\/label><\/li><li class=\"choice-3 depth-1\"><input type=\"checkbox\" id=\"wpforms-430-field_18_3\" name=\"wpforms[fields][18][]\" value=\"5 Jahre Garantie-Verl\u00e4ngerung\" aria-errormessage=\"wpforms-430-field_18_3-error\"  ><label class=\"wpforms-field-label-inline\" for=\"wpforms-430-field_18_3\">5 Jahre Garantie-Verl\u00e4ngerung<\/label><\/li><\/ul><\/fieldset><\/div><div id=\"wpforms-430-field_19-container\" class=\"wpforms-field wpforms-field-number\" data-field-id=\"19\"><label class=\"wpforms-field-label\" for=\"wpforms-430-field_19\">Wie wichtig ist Ihnen die Lautst\u00e4rke Ihres PCs\/Workstation auf einer Skala von 0 bis 5?<\/label><input type=\"number\" id=\"wpforms-430-field_19\" class=\"wpforms-field-medium\" name=\"wpforms[fields][19]\" step=\"any\" aria-errormessage=\"wpforms-430-field_19-error\" ><\/div><div id=\"wpforms-430-field_21-container\" class=\"wpforms-field wpforms-field-checkbox\" data-field-id=\"21\"><fieldset><legend class=\"wpforms-field-label\">Was hat bei Ihrem alten Rechner nicht mehr Ihren Anforderungen entsprochen?<\/legend><ul id=\"wpforms-430-field_21\"><li class=\"choice-1 depth-1\"><input type=\"checkbox\" id=\"wpforms-430-field_21_1\" name=\"wpforms[fields][21][]\" value=\"Prozessorleistung\" aria-errormessage=\"wpforms-430-field_21_1-error\"  ><label class=\"wpforms-field-label-inline\" for=\"wpforms-430-field_21_1\">Prozessorleistung<\/label><\/li><li class=\"choice-2 depth-1\"><input type=\"checkbox\" id=\"wpforms-430-field_21_2\" name=\"wpforms[fields][21][]\" value=\"Grafikkarte\" aria-errormessage=\"wpforms-430-field_21_2-error\"  ><label class=\"wpforms-field-label-inline\" for=\"wpforms-430-field_21_2\">Grafikkarte<\/label><\/li><li class=\"choice-3 depth-1\"><input type=\"checkbox\" id=\"wpforms-430-field_21_3\" name=\"wpforms[fields][21][]\" value=\"SSD\/HDD zu klein\" aria-errormessage=\"wpforms-430-field_21_3-error\"  ><label class=\"wpforms-field-label-inline\" for=\"wpforms-430-field_21_3\">SSD\/HDD zu klein<\/label><\/li><li class=\"choice-5 depth-1\"><input type=\"checkbox\" id=\"wpforms-430-field_21_5\" name=\"wpforms[fields][21][]\" value=\"Zu wenig Arbeitsspeicher\" aria-errormessage=\"wpforms-430-field_21_5-error\"  ><label class=\"wpforms-field-label-inline\" for=\"wpforms-430-field_21_5\">Zu wenig Arbeitsspeicher<\/label><\/li><li class=\"choice-6 depth-1\"><input type=\"checkbox\" id=\"wpforms-430-field_21_6\" name=\"wpforms[fields][21][]\" value=\"Zu laut\" aria-errormessage=\"wpforms-430-field_21_6-error\"  ><label class=\"wpforms-field-label-inline\" for=\"wpforms-430-field_21_6\">Zu laut<\/label><\/li><li class=\"choice-7 depth-1\"><input type=\"checkbox\" id=\"wpforms-430-field_21_7\" name=\"wpforms[fields][21][]\" value=\"Bootvorgang zu langsam\" aria-errormessage=\"wpforms-430-field_21_7-error\"  ><label class=\"wpforms-field-label-inline\" for=\"wpforms-430-field_21_7\">Bootvorgang zu langsam<\/label><\/li><li class=\"choice-8 depth-1\"><input type=\"checkbox\" id=\"wpforms-430-field_21_8\" name=\"wpforms[fields][21][]\" value=\"H\u00e4nger \/ Abst\u00fcrze \/ andere Probleme\" aria-errormessage=\"wpforms-430-field_21_8-error\"  ><label class=\"wpforms-field-label-inline\" for=\"wpforms-430-field_21_8\">H\u00e4nger \/ Abst\u00fcrze \/ andere Probleme<\/label><\/li><\/ul><\/fieldset><\/div><div id=\"wpforms-430-field_22-container\" class=\"wpforms-field wpforms-field-text\" data-field-id=\"22\"><label class=\"wpforms-field-label\" for=\"wpforms-430-field_22\">Wieviel m\u00f6chten Sie maximal f\u00fcr Ihren Wunsch-PC ausgeben?<\/label><input type=\"text\" id=\"wpforms-430-field_22\" class=\"wpforms-field-medium\" name=\"wpforms[fields][22]\" aria-errormessage=\"wpforms-430-field_22-error\" ><\/div><div id=\"wpforms-430-field_24-container\" class=\"wpforms-field wpforms-field-textarea\" data-field-id=\"24\"><label class=\"wpforms-field-label\" for=\"wpforms-430-field_24\">Haben Sie weitere Anmerkungen oder W\u00fcnsche bez\u00fcglich der Konfiguration Ihres PCs\/Workstation?<\/label><textarea id=\"wpforms-430-field_24\" class=\"wpforms-field-medium\" name=\"wpforms[fields][24]\" aria-errormessage=\"wpforms-430-field_24-error\" ><\/textarea><\/div><script>\n\t\t\t\t( function() {\n\t\t\t\t\tconst style = document.createElement( 'style' );\n\t\t\t\t\tstyle.appendChild( document.createTextNode( '#wpforms-430-field_2-container { position: absolute !important; overflow: hidden !important; display: inline !important; height: 1px !important; width: 1px !important; z-index: -1000 !important; padding: 0 !important; } #wpforms-430-field_2-container input { visibility: hidden; } #wpforms-conversational-form-page #wpforms-430-field_2-container label { counter-increment: none; }' ) );\n\t\t\t\t\tdocument.head.appendChild( style );\n\t\t\t\t\tdocument.currentScript?.remove();\n\t\t\t\t} )();\n\t\t\t<\/script><\/div><!-- .wpforms-field-container --><div class=\"wpforms-submit-container\" ><input type=\"hidden\" name=\"wpforms[id]\" value=\"430\"><input type=\"hidden\" name=\"page_title\" value=\"\"><input type=\"hidden\" name=\"page_url\" value=\"https:\/\/www.highend-computer.de\/en\/wp-json\/wp\/v2\/pages\/435\"><input type=\"hidden\" name=\"url_referer\" value=\"\"><button type=\"submit\" name=\"wpforms[submit]\" id=\"wpforms-submit-430\" class=\"wpforms-submit\" data-alt-text=\"Wird gesendet\u00a0\u2026\" data-submit-text=\"Absenden\" aria-live=\"assertive\" value=\"wpforms-submit\">Absenden<\/button><img loading=\"lazy\" decoding=\"async\" src=\"https:\/\/www.highend-computer.de\/wp-content\/plugins\/wpforms-lite\/assets\/images\/submit-spin.svg\" class=\"wpforms-submit-spinner\" style=\"display: none;\" width=\"26\" height=\"26\" alt=\"Loading\"><\/div><\/form><\/div>  <!-- .wpforms-container -->","protected":false},"excerpt":{"rendered":"<p>Sie kennen Ihre eigenen Anforderungen und W\u00fcnsche am Besten. F\u00fcllen Sie einfach unser kurzes Formular aus, und wir erstellen Ihnen schnellstm\u00f6glich ein passendes, individuelles Angebot.<\/p>","protected":false},"author":1,"featured_media":0,"parent":0,"menu_order":0,"comment_status":"closed","ping_status":"closed","template":"","meta":{"_monsterinsights_skip_tracking":false,"_monsterinsights_sitenote_active":false,"_monsterinsights_sitenote_note":"","_monsterinsights_sitenote_category":0,"footnotes":""},"class_list":["post-435","page","type-page","status-publish","hentry"],"blocksy_meta":[],"_links":{"self":[{"href":"https:\/\/www.highend-computer.de\/en\/wp-json\/wp\/v2\/pages\/435","targetHints":{"allow":["GET"]}}],"collection":[{"href":"https:\/\/www.highend-computer.de\/en\/wp-json\/wp\/v2\/pages"}],"about":[{"href":"https:\/\/www.highend-computer.de\/en\/wp-json\/wp\/v2\/types\/page"}],"author":[{"embeddable":true,"href":"https:\/\/www.highend-computer.de\/en\/wp-json\/wp\/v2\/users\/1"}],"replies":[{"embeddable":true,"href":"https:\/\/www.highend-computer.de\/en\/wp-json\/wp\/v2\/comments?post=435"}],"version-history":[{"count":3,"href":"https:\/\/www.highend-computer.de\/en\/wp-json\/wp\/v2\/pages\/435\/revisions"}],"predecessor-version":[{"id":809,"href":"https:\/\/www.highend-computer.de\/en\/wp-json\/wp\/v2\/pages\/435\/revisions\/809"}],"wp:attachment":[{"href":"https:\/\/www.highend-computer.de\/en\/wp-json\/wp\/v2\/media?parent=435"}],"curies":[{"name":"wp","href":"https:\/\/api.w.org\/{rel}","templated":true}]}}