{"id":111,"date":"2024-07-10T16:55:24","date_gmt":"2024-07-10T16:55:24","guid":{"rendered":"https:\/\/www.highend-computer.de\/wordpress\/?page_id=111"},"modified":"2025-10-20T15:21:25","modified_gmt":"2025-10-20T15:21:25","slug":"impressum","status":"publish","type":"page","link":"https:\/\/www.highend-computer.de\/en\/impressum\/","title":{"rendered":"Legal notice"},"content":{"rendered":"<p><strong>Legal notice \u2013 Information pursuant to \u00a7 5 DDG<\/strong><\/p>\n\n\n\n<p>HighEnd Computer GmbH<br>Oskar-Klumpp-Str. 16<br>72135 Dettenhausen<br>Germany<\/p>\n\n\n\n<p><strong>Represented by (Managing Director):<\/strong><br>Joschi Heyd, Daniel Arnold<\/p>\n\n\n\n<p><strong>Contact:<\/strong><br>Phone: <strong>0156 79630356<\/strong><br>E-Mail: <a>info@he-computer.de<\/a><\/p>\n\n\n\n<p class=\"translation-block\"><strong>Register entry<\/strong><br>Register court: Stuttgart Local Court<br>Register number: HRB 770230<\/p>\n\n\n\n<p class=\"translation-block\"><strong>Sales tax ID<\/strong><br>Sales tax ID in accordance with \u00a7 27a UStG: DE325757738<\/p>\n\n\n\n<p><strong>WEEE-Reg.-Nr.<\/strong><br>DE 77493561<\/p>\n\n\n\n<p class=\"translation-block\"><strong>Scope of application<\/strong><br>This legal notice also applies to our online presence (e.g., social media pages).<br><em>facebook.com\/HighEndComputerGmbH<\/em><\/p>\n\n\n\n<p class=\"translation-block\"><strong>Liability for links<\/strong><br>Despite careful content control, we assume no liability for the content of external links. The operators of linked sites are solely responsible for their content.<\/p>\n\n\n\n<p class=\"translation-block\"><strong>Note pursuant to VSBG<\/strong><br>We are <strong>not willing and not obliged<\/strong> to participate in dispute resolution proceedings before a consumer arbitration board.<\/p>\n\n\n\n<p class=\"translation-block\"><strong>Data protection<\/strong><br>Information on data protection can be found in our privacy policy.<\/p>\n\n\n\n<p><\/p>","protected":false},"excerpt":{"rendered":"<p>Impressum \u2013 Angaben gem\u00e4\u00df \u00a7 5 DDG HighEnd Computer GmbHOskar-Klumpp-Str. 1672135 DettenhausenDeutschland Vertreten durch (Gesch\u00e4ftsf\u00fchrer):Joschi Heyd, Daniel Arnold KontaktTelefon: 0156 79630356E-Mail: info@he-computer.de RegistereintragRegistergericht: Amtsgericht StuttgartRegisternummer: HRB 770230 Umsatzsteuer-IDUSt-IdNr. gem\u00e4\u00df \u00a7 27a UStG: DE325757738 WEEE-Reg.-Nr.DE 77493561 GeltungsbereichDieses Impressum gilt auch f\u00fcr unsere Online-Pr\u00e4senzen (z. B. Social-Media-Seiten).facebook.com\/HighEndComputerGmbH Haftung f\u00fcr LinksTrotz sorgf\u00e4ltiger inhaltlicher Kontrolle \u00fcbernehmen wir keine Haftung [&hellip;]<\/p>\n","protected":false},"author":1,"featured_media":0,"parent":0,"menu_order":0,"comment_status":"closed","ping_status":"closed","template":"","meta":{"_monsterinsights_skip_tracking":false,"_monsterinsights_sitenote_active":false,"_monsterinsights_sitenote_note":"","_monsterinsights_sitenote_category":0,"footnotes":""},"class_list":["post-111","page","type-page","status-publish","hentry"],"blocksy_meta":[],"_links":{"self":[{"href":"https:\/\/www.highend-computer.de\/en\/wp-json\/wp\/v2\/pages\/111","targetHints":{"allow":["GET"]}}],"collection":[{"href":"https:\/\/www.highend-computer.de\/en\/wp-json\/wp\/v2\/pages"}],"about":[{"href":"https:\/\/www.highend-computer.de\/en\/wp-json\/wp\/v2\/types\/page"}],"author":[{"embeddable":true,"href":"https:\/\/www.highend-computer.de\/en\/wp-json\/wp\/v2\/users\/1"}],"replies":[{"embeddable":true,"href":"https:\/\/www.highend-computer.de\/en\/wp-json\/wp\/v2\/comments?post=111"}],"version-history":[{"count":6,"href":"https:\/\/www.highend-computer.de\/en\/wp-json\/wp\/v2\/pages\/111\/revisions"}],"predecessor-version":[{"id":1049,"href":"https:\/\/www.highend-computer.de\/en\/wp-json\/wp\/v2\/pages\/111\/revisions\/1049"}],"wp:attachment":[{"href":"https:\/\/www.highend-computer.de\/en\/wp-json\/wp\/v2\/media?parent=111"}],"curies":[{"name":"wp","href":"https:\/\/api.w.org\/{rel}","templated":true}]}}